{"id":31,"date":"2019-04-05T18:23:17","date_gmt":"2019-04-05T18:23:17","guid":{"rendered":"https:\/\/mikouveg.hu\/?page_id=31"},"modified":"2022-01-27T06:55:46","modified_gmt":"2022-01-27T06:55:46","slug":"kapcsolat","status":"publish","type":"page","link":"https:\/\/mikouveg.hu\/?page_id=31","title":{"rendered":"Kapcsolat"},"content":{"rendered":"\r\n<p>Mik\u00f3.Tri\u00f3 Kft<br>2360 Gy\u00e1l T\u00f3th \u00e1rp\u00e1d utca 1<br><em><strong>Tel +36 20 4115554<\/strong><\/em><\/p>\r\n<p><iframe loading=\"lazy\" style=\"border: 0;\" src=\"https:\/\/www.google.com\/maps\/embed?pb=!1m18!1m12!1m3!1d2701.5812447129038!2d19.230117315622763!3d47.38109097917036!2m3!1f0!2f0!3f0!3m2!1i1024!2i768!4f13.1!3m3!1m2!1s0x4741ea592a2233b9%3A0xa236a61a56f25e3b!2zR3nDoWwsIFTDs3RoIMOBcnDDoWQgdS4gMSwgMjM2MA!5e0!3m2!1shu!2shu!4v1554993145869!5m2!1shu!2shu\" width=\"800\" height=\"600\" frameborder=\"0\" allowfullscreen=\"allowfullscreen\"><\/iframe><\/p>\r\n\r\n\r\n\r\n<p>&nbsp;<\/p>\r\n\r\n\r\n\r\n<p>&nbsp;<\/p>\r\n","protected":false},"excerpt":{"rendered":"<p>Mik\u00f3.Tri\u00f3 Kft2360 Gy\u00e1l T\u00f3th \u00e1rp\u00e1d utca 1Tel +36 20 4115554 &nbsp; &nbsp;<\/p>\n","protected":false},"author":1,"featured_media":0,"parent":0,"menu_order":2,"comment_status":"closed","ping_status":"closed","template":"","meta":{"ngg_post_thumbnail":0},"yoast_head":"<!-- This site is optimized with the Yoast SEO plugin v18.0 - https:\/\/yoast.com\/wordpress\/plugins\/seo\/ -->\n<title>Kapcsolat | Mik\u00f3-Tri\u00f3 Kft<\/title>\n<meta name=\"robots\" content=\"index, follow, max-snippet:-1, max-image-preview:large, max-video-preview:-1\" \/>\n<link rel=\"canonical\" href=\"https:\/\/mikouveg.hu\/?page_id=31\" \/>\n<meta property=\"og:locale\" content=\"hu_HU\" \/>\n<meta property=\"og:type\" content=\"article\" \/>\n<meta property=\"og:title\" content=\"Kapcsolat | Mik\u00f3-Tri\u00f3 Kft\" \/>\n<meta property=\"og:description\" content=\"Mik\u00f3.Tri\u00f3 Kft2360 Gy\u00e1l T\u00f3th \u00e1rp\u00e1d utca 1Tel +36 20 4115554 &nbsp; &nbsp;\" \/>\n<meta property=\"og:url\" content=\"https:\/\/mikouveg.hu\/?page_id=31\" \/>\n<meta property=\"og:site_name\" content=\"Mik\u00f3-Tri\u00f3 Kft\" \/>\n<meta property=\"article:modified_time\" content=\"2022-01-27T06:55:46+00:00\" \/>\n<meta name=\"twitter:card\" content=\"summary_large_image\" \/>\n<meta name=\"twitter:label1\" content=\"Becs\u00fclt olvas\u00e1si id\u0151\" \/>\n\t<meta name=\"twitter:data1\" content=\"1 perc\" \/>\n<script type=\"application\/ld+json\" class=\"yoast-schema-graph\">{\"@context\":\"https:\/\/schema.org\",\"@graph\":[{\"@type\":\"WebSite\",\"@id\":\"https:\/\/mikouveg.hu\/#website\",\"url\":\"https:\/\/mikouveg.hu\/\",\"name\":\"Mik\u00f3-Tri\u00f3 Kft\",\"description\":\"\u00dcvegez\u00e9s Mesterfokon\",\"potentialAction\":[{\"@type\":\"SearchAction\",\"target\":{\"@type\":\"EntryPoint\",\"urlTemplate\":\"https:\/\/mikouveg.hu\/?s={search_term_string}\"},\"query-input\":\"required name=search_term_string\"}],\"inLanguage\":\"hu\"},{\"@type\":\"WebPage\",\"@id\":\"https:\/\/mikouveg.hu\/?page_id=31#webpage\",\"url\":\"https:\/\/mikouveg.hu\/?page_id=31\",\"name\":\"Kapcsolat | Mik\u00f3-Tri\u00f3 Kft\",\"isPartOf\":{\"@id\":\"https:\/\/mikouveg.hu\/#website\"},\"datePublished\":\"2019-04-05T18:23:17+00:00\",\"dateModified\":\"2022-01-27T06:55:46+00:00\",\"breadcrumb\":{\"@id\":\"https:\/\/mikouveg.hu\/?page_id=31#breadcrumb\"},\"inLanguage\":\"hu\",\"potentialAction\":[{\"@type\":\"ReadAction\",\"target\":[\"https:\/\/mikouveg.hu\/?page_id=31\"]}]},{\"@type\":\"BreadcrumbList\",\"@id\":\"https:\/\/mikouveg.hu\/?page_id=31#breadcrumb\",\"itemListElement\":[{\"@type\":\"ListItem\",\"position\":1,\"name\":\"Home\",\"item\":\"https:\/\/mikouveg.hu\/\"},{\"@type\":\"ListItem\",\"position\":2,\"name\":\"Kapcsolat\"}]}]}<\/script>\n<!-- \/ Yoast SEO plugin. -->","yoast_head_json":{"title":"Kapcsolat | Mik\u00f3-Tri\u00f3 Kft","robots":{"index":"index","follow":"follow","max-snippet":"max-snippet:-1","max-image-preview":"max-image-preview:large","max-video-preview":"max-video-preview:-1"},"canonical":"https:\/\/mikouveg.hu\/?page_id=31","og_locale":"hu_HU","og_type":"article","og_title":"Kapcsolat | Mik\u00f3-Tri\u00f3 Kft","og_description":"Mik\u00f3.Tri\u00f3 Kft2360 Gy\u00e1l T\u00f3th \u00e1rp\u00e1d utca 1Tel +36 20 4115554 &nbsp; &nbsp;","og_url":"https:\/\/mikouveg.hu\/?page_id=31","og_site_name":"Mik\u00f3-Tri\u00f3 Kft","article_modified_time":"2022-01-27T06:55:46+00:00","twitter_card":"summary_large_image","twitter_misc":{"Becs\u00fclt olvas\u00e1si id\u0151":"1 perc"},"schema":{"@context":"https:\/\/schema.org","@graph":[{"@type":"WebSite","@id":"https:\/\/mikouveg.hu\/#website","url":"https:\/\/mikouveg.hu\/","name":"Mik\u00f3-Tri\u00f3 Kft","description":"\u00dcvegez\u00e9s Mesterfokon","potentialAction":[{"@type":"SearchAction","target":{"@type":"EntryPoint","urlTemplate":"https:\/\/mikouveg.hu\/?s={search_term_string}"},"query-input":"required name=search_term_string"}],"inLanguage":"hu"},{"@type":"WebPage","@id":"https:\/\/mikouveg.hu\/?page_id=31#webpage","url":"https:\/\/mikouveg.hu\/?page_id=31","name":"Kapcsolat | Mik\u00f3-Tri\u00f3 Kft","isPartOf":{"@id":"https:\/\/mikouveg.hu\/#website"},"datePublished":"2019-04-05T18:23:17+00:00","dateModified":"2022-01-27T06:55:46+00:00","breadcrumb":{"@id":"https:\/\/mikouveg.hu\/?page_id=31#breadcrumb"},"inLanguage":"hu","potentialAction":[{"@type":"ReadAction","target":["https:\/\/mikouveg.hu\/?page_id=31"]}]},{"@type":"BreadcrumbList","@id":"https:\/\/mikouveg.hu\/?page_id=31#breadcrumb","itemListElement":[{"@type":"ListItem","position":1,"name":"Home","item":"https:\/\/mikouveg.hu\/"},{"@type":"ListItem","position":2,"name":"Kapcsolat"}]}]}},"_links":{"self":[{"href":"https:\/\/mikouveg.hu\/index.php?rest_route=\/wp\/v2\/pages\/31"}],"collection":[{"href":"https:\/\/mikouveg.hu\/index.php?rest_route=\/wp\/v2\/pages"}],"about":[{"href":"https:\/\/mikouveg.hu\/index.php?rest_route=\/wp\/v2\/types\/page"}],"author":[{"embeddable":true,"href":"https:\/\/mikouveg.hu\/index.php?rest_route=\/wp\/v2\/users\/1"}],"replies":[{"embeddable":true,"href":"https:\/\/mikouveg.hu\/index.php?rest_route=%2Fwp%2Fv2%2Fcomments&post=31"}],"version-history":[{"count":12,"href":"https:\/\/mikouveg.hu\/index.php?rest_route=\/wp\/v2\/pages\/31\/revisions"}],"predecessor-version":[{"id":280,"href":"https:\/\/mikouveg.hu\/index.php?rest_route=\/wp\/v2\/pages\/31\/revisions\/280"}],"wp:attachment":[{"href":"https:\/\/mikouveg.hu\/index.php?rest_route=%2Fwp%2Fv2%2Fmedia&parent=31"}],"curies":[{"name":"wp","href":"https:\/\/api.w.org\/{rel}","templated":true}]}}